{"id":1457,"date":"2024-01-26T19:14:54","date_gmt":"2024-01-26T19:14:54","guid":{"rendered":"https:\/\/keepdabeat.com\/?page_id=1457"},"modified":"2024-01-29T17:37:16","modified_gmt":"2024-01-29T17:37:16","slug":"privacy-policy","status":"publish","type":"page","link":"https:\/\/keepdabeat.com\/es\/privacy-policy\/","title":{"rendered":"Pol\u00edtica De Privacidad"},"content":{"rendered":"<div data-elementor-type=\"wp-page\" data-elementor-id=\"1457\" class=\"elementor elementor-1457\">\n\t\t\t\t<div class=\"elementor-element elementor-element-2a65e32 e-flex e-con-boxed e-con e-parent\" data-id=\"2a65e32\" data-element_type=\"container\" data-e-type=\"container\">\n\t\t\t\t\t<div class=\"e-con-inner\">\n\t\t\t\t<div class=\"elementor-element elementor-element-f7f918c elementor-invisible elementor-widget elementor-widget-heading\" data-id=\"f7f918c\" data-element_type=\"widget\" data-e-type=\"widget\" data-settings=\"{&quot;_animation&quot;:&quot;fadeInUp&quot;}\" data-widget_type=\"heading.default\">\n\t\t\t\t<div class=\"elementor-widget-container\">\n\t\t\t\t\t<h1 class=\"elementor-heading-title elementor-size-default\">Pol\u00edtica De Privacidad<\/h1>\t\t\t\t<\/div>\n\t\t\t\t<\/div>\n\t\t\t\t<div class=\"elementor-element elementor-element-431d2ab animated-slow elementor-invisible elementor-widget elementor-widget-shortcode\" data-id=\"431d2ab\" data-element_type=\"widget\" data-e-type=\"widget\" data-settings=\"{&quot;_animation&quot;:&quot;fadeIn&quot;}\" data-widget_type=\"shortcode.default\">\n\t\t\t\t<div class=\"elementor-widget-container\">\n\t\t\t\t\t\t\t<div class=\"elementor-shortcode\"><style>#sp-ea-1456 .spcollapsing { height: 0; overflow: hidden; transition-property: height;transition-duration: 300ms;}#sp-ea-1456.sp-easy-accordion>.sp-ea-single {margin-bottom: 10px; border: 1px solid #e2e2e2; }#sp-ea-1456.sp-easy-accordion>.sp-ea-single>.ea-header a {color: #444;}#sp-ea-1456.sp-easy-accordion>.sp-ea-single>.sp-collapse>.ea-body {background: #fff; color: #444;}#sp-ea-1456.sp-easy-accordion>.sp-ea-single {background: #eee;}#sp-ea-1456.sp-easy-accordion>.sp-ea-single>.ea-header a .ea-expand-icon { float: left; color: #444;font-size: 16px;}<\/style><div id=\"sp_easy_accordion-1706294590\"><div id=\"sp-ea-1456\" class=\"sp-ea-one sp-easy-accordion\" data-ea-active=\"ea-click\" data-ea-mode=\"vertical\" data-preloader=\"\" data-scroll-active-item=\"\" data-offset-to-scroll=\"0\"><div class=\"ea-card sp-ea-single\"><h3 class=\"ea-header\"><a class=\"collapsed\" id=\"ea-header-14560\" role=\"button\" data-sptoggle=\"spcollapse\" data-sptarget=\"#collapse14560\" aria-controls=\"collapse14560\" href=\"#\" aria-expanded=\"false\" tabindex=\"0\">Consideraciones Generales<\/a><\/h3><div class=\"sp-collapse spcollapse spcollapse\" id=\"collapse14560\" data-parent=\"#sp-ea-1456\" role=\"region\" aria-labelledby=\"ea-header-14560\"> <div class=\"ea-body\"><p class=\"gmail-p1\">Esta pol\u00edtica de privacidad describe c\u00f3mo Keep Da Beat (KDB) utiliza y protege cualquier informaci\u00f3n que nos proporciones al usar este sitio web.<\/p><p class=\"gmail-p1\">KDB se compromete a garantizar la protecci\u00f3n de tu privacidad. Si en alg\u00fan momento te solicitamos informaci\u00f3n con la que puedas ser identificado al utilizar este sitio, puedes tener la certeza de que solo ser\u00e1 utilizada conforme a lo establecido en esta declaraci\u00f3n de privacidad.<\/p><p class=\"gmail-p1\">KDB se reserva el derecho de modificar esta pol\u00edtica ocasionalmente actualizando esta p\u00e1gina. Te recomendamos revisarla con regularidad para asegurarte de estar conforme con cualquier posible cambio.<\/p><\/div><\/div><\/div><div class=\"ea-card sp-ea-single\"><h3 class=\"ea-header\"><a class=\"collapsed\" id=\"ea-header-14561\" role=\"button\" data-sptoggle=\"spcollapse\" data-sptarget=\"#collapse14561\" aria-controls=\"collapse14561\" href=\"#\" aria-expanded=\"false\" tabindex=\"0\">Informaci\u00f3n que recopila KDB<\/a><\/h3><div class=\"sp-collapse spcollapse spcollapse\" id=\"collapse14561\" data-parent=\"#sp-ea-1456\" role=\"region\" aria-labelledby=\"ea-header-14561\"> <div class=\"ea-body\"><p class=\"p1\">KDB puede recopilar la siguiente informaci\u00f3n:<\/p><ul class=\"ul1\"><li class=\"li3\"><span class=\"s2\">Nombre o raz\u00f3n social y datos de pago<\/span><\/li><li class=\"li3\"><span class=\"s2\">Direcci\u00f3n de correo electr\u00f3nico<\/span><\/li><li class=\"li3\"><span class=\"s2\">N\u00famero de tel\u00e9fono (opcional)<\/span><\/li><li class=\"li3\"><span class=\"s2\">Direcci\u00f3n de env\u00edo y Facturaci\u00f3n<\/span><\/li><li class=\"li3\"><span class=\"s2\">Direcci\u00f3n IP<\/span><\/li><\/ul><\/div><\/div><\/div><div class=\"ea-card sp-ea-single\"><h3 class=\"ea-header\"><a class=\"collapsed\" id=\"ea-header-14562\" role=\"button\" data-sptoggle=\"spcollapse\" data-sptarget=\"#collapse14562\" aria-controls=\"collapse14562\" href=\"#\" aria-expanded=\"false\" tabindex=\"0\">C\u00f3mo utiliza KDB la informaci\u00f3n recopilada<\/a><\/h3><div class=\"sp-collapse spcollapse spcollapse\" id=\"collapse14562\" data-parent=\"#sp-ea-1456\" role=\"region\" aria-labelledby=\"ea-header-14562\"> <div class=\"ea-body\"><p class=\"p1\">Esta informaci\u00f3n es necesaria para entender tus necesidades y ofrecerte un mejor servicio, en particular para los siguientes fines:<\/p><ul class=\"ul1\"><li class=\"li3\"><span class=\"s2\">Procesar tu pedido y gestionar el pago<\/span><\/li><li class=\"li3\"><span class=\"s2\">Mantenimiento interno de registros<\/span><\/li><li class=\"li3\"><span class=\"s2\">Mejorar nuestros productos y servicios<\/span><\/li><li class=\"li3\"><span class=\"s2\">Enviar ocasionalmente correos promocionales sobre nuevos productos, ofertas especiales u otra informaci\u00f3n que consideremos relevante, a la direcci\u00f3n de correo electr\u00f3nico que nos hayas proporcionado<\/span><\/li><\/ul><\/div><\/div><\/div><div class=\"ea-card sp-ea-single\"><h3 class=\"ea-header\"><a class=\"collapsed\" id=\"ea-header-14563\" role=\"button\" data-sptoggle=\"spcollapse\" data-sptarget=\"#collapse14563\" aria-controls=\"collapse14563\" href=\"#\" aria-expanded=\"false\" tabindex=\"0\">Uso de cookies por parte de KDB<\/a><\/h3><div class=\"sp-collapse spcollapse spcollapse\" id=\"collapse14563\" data-parent=\"#sp-ea-1456\" role=\"region\" aria-labelledby=\"ea-header-14563\"> <div class=\"ea-body\"><p class=\"p1\">Una cookie es un peque\u00f1o archivo que solicita permiso para almacenarse en el disco duro de tu ordenador. Una vez aceptado, el archivo se instala y la cookie ayuda a analizar el tr\u00e1fico web o te informa cuando visitas un sitio en particular. Las cookies permiten que las aplicaciones web respondan de manera personalizada seg\u00fan tus preferencias.<\/p><p class=\"p1\">KDB utiliza cookies de an\u00e1lisis de tr\u00e1fico para identificar qu\u00e9 p\u00e1ginas se visitan m\u00e1s. Esta informaci\u00f3n nos ayuda a mejorar la navegaci\u00f3n del sitio y adaptarla a tus necesidades como usuario.<\/p><p class=\"p1\">La informaci\u00f3n recopilada mediante cookies se utiliza \u00fanicamente con fines estad\u00edsticos, tras lo cual los datos se eliminan del sistema.<\/p><p class=\"p1\">En resumen, las cookies nos permiten ofrecerte una mejor experiencia de navegaci\u00f3n, identificando qu\u00e9 contenidos te resultan \u00fatiles o interesantes. En ning\u00fan caso las cookies nos dan acceso a tu ordenador ni a informaci\u00f3n personal m\u00e1s all\u00e1 de la que t\u00fa elijas compartir con nosotros.<\/p><p class=\"p1\">Puedes optar por aceptar o rechazar el uso de cookies. La mayor\u00eda de los navegadores las aceptan autom\u00e1ticamente, pero puedes modificar la configuraci\u00f3n para rechazarlas si as\u00ed lo prefieres.<span class=\"Apple-converted-space\">\u00a0<\/span><\/p><p class=\"p1\">Ten en cuenta que al desactivarlas podr\u00edas no aprovechar al m\u00e1ximo las funcionalidades del sitio web.<\/p><\/div><\/div><\/div><div class=\"ea-card sp-ea-single\"><h3 class=\"ea-header\"><a class=\"collapsed\" id=\"ea-header-14564\" role=\"button\" data-sptoggle=\"spcollapse\" data-sptarget=\"#collapse14564\" aria-controls=\"collapse14564\" href=\"#\" aria-expanded=\"false\" tabindex=\"0\">Seguridad<\/a><\/h3><div class=\"sp-collapse spcollapse spcollapse\" id=\"collapse14564\" data-parent=\"#sp-ea-1456\" role=\"region\" aria-labelledby=\"ea-header-14564\"> <div class=\"ea-body\"><p>KDB se compromete a asegurar la protecci\u00f3n de tu informaci\u00f3n. Para evitar accesos no autorizados o divulgaciones indebidas, hemos implementado medidas f\u00edsicas, electr\u00f3nicas y administrativas adecuadas para salvaguardar la informaci\u00f3n que recopilamos en l\u00ednea.<\/p><p class=\"p3\">Las transacciones con tarjeta de cr\u00e9dito o d\u00e9bito realizadas en este sitio se procesan a trav\u00e9s de WooCommerce Payments\/Stripe, una pasarela de pago segura que cifra los datos en un entorno protegido. Tambi\u00e9n aceptamos pagos mediante PayPal, Apple Pay y Google Pay.\nKDB no almacena ning\u00fan dato bancario o de pago en sus servidores.<\/p><\/div><\/div><\/div><div class=\"ea-card sp-ea-single\"><h3 class=\"ea-header\"><a class=\"collapsed\" id=\"ea-header-14565\" role=\"button\" data-sptoggle=\"spcollapse\" data-sptarget=\"#collapse14565\" aria-controls=\"collapse14565\" href=\"#\" aria-expanded=\"false\" tabindex=\"0\">Enlaces a otros sitios web<\/a><\/h3><div class=\"sp-collapse spcollapse spcollapse\" id=\"collapse14565\" data-parent=\"#sp-ea-1456\" role=\"region\" aria-labelledby=\"ea-header-14565\"> <div class=\"ea-body\"><p class=\"p1\">El sitio web de KDB puede contener enlaces a p\u00e1ginas externas que puedan resultar de tu inter\u00e9s. No obstante, una vez que salgas de nuestro sitio mediante alguno de estos enlaces, debes tener en cuenta que KDB no tiene control sobre esas p\u00e1ginas.<\/p><p class=\"p1\">Por tanto, no nos hacemos responsables de la protecci\u00f3n de tu informaci\u00f3n mientras navegas por esos otros sitios, ya que no est\u00e1n regidos por nuestra pol\u00edtica de privacidad. Te aconsejamos revisar la pol\u00edtica de privacidad de cada sitio web que visites.<\/p><\/div><\/div><\/div><div class=\"ea-card sp-ea-single\"><h3 class=\"ea-header\"><a class=\"collapsed\" id=\"ea-header-14566\" role=\"button\" data-sptoggle=\"spcollapse\" data-sptarget=\"#collapse14566\" aria-controls=\"collapse14566\" href=\"#\" aria-expanded=\"false\" tabindex=\"0\">Control sobre tu informaci\u00f3n personal<\/a><\/h3><div class=\"sp-collapse spcollapse spcollapse\" id=\"collapse14566\" data-parent=\"#sp-ea-1456\" role=\"region\" aria-labelledby=\"ea-header-14566\"> <div class=\"ea-body\"><p class=\"p1\">KDB no vender\u00e1, distribuir\u00e1 ni ceder\u00e1 tu informaci\u00f3n personal a terceros sin tu consentimiento, salvo obligaci\u00f3n legal.Podemos utilizar tus datos para enviarte informaci\u00f3n promocional de terceros que consideremos de tu inter\u00e9s, siempre que nos lo autorices expresamente.<\/p><p class=\"p3\">Tienes derecho a solicitar los datos personales que KDB almacena sobre ti o pedir que los eliminemos en cualquier momento. Para ello, por favor escr\u00edbenos a\u00a0<span class=\"s1\">info@keepdabeat.com<\/span> .Nuestro compromiso es atender tu solicitud en un plazo m\u00e1ximo de 72 horas.<\/p><\/div><\/div><\/div><\/div><\/div><\/div>\n\t\t\t\t\t\t<\/div>\n\t\t\t\t<\/div>\n\t\t\t\t\t<\/div>\n\t\t\t\t<\/div>\n\t\t\t\t<\/div>","protected":false},"excerpt":{"rendered":"<p>Pol\u00edtica De Privacidad<\/p>","protected":false},"author":1,"featured_media":0,"parent":0,"menu_order":0,"comment_status":"closed","ping_status":"closed","template":"","meta":{"footnotes":""},"class_list":["post-1457","page","type-page","status-publish","hentry"],"yoast_head":"<!-- This site is optimized with the Yoast SEO plugin v27.0 - https:\/\/yoast.com\/product\/yoast-seo-wordpress\/ -->\n<title>Privacy Policy - keepdabeat.com<\/title>\n<meta name=\"robots\" content=\"index, follow, max-snippet:-1, max-image-preview:large, max-video-preview:-1\" \/>\n<link rel=\"canonical\" href=\"https:\/\/keepdabeat.com\/es\/privacy-policy\/\" \/>\n<meta property=\"og:locale\" content=\"es_ES\" \/>\n<meta property=\"og:type\" content=\"article\" \/>\n<meta property=\"og:title\" content=\"Privacy Policy - keepdabeat.com\" \/>\n<meta property=\"og:description\" content=\"Privacy Policy\" \/>\n<meta property=\"og:url\" content=\"https:\/\/keepdabeat.com\/es\/privacy-policy\/\" \/>\n<meta property=\"og:site_name\" content=\"keepdabeat.com\" \/>\n<meta property=\"article:publisher\" content=\"https:\/\/www.facebook.com\/keepdabeatup\" \/>\n<meta property=\"article:modified_time\" content=\"2024-01-29T17:37:16+00:00\" \/>\n<meta property=\"og:image\" content=\"https:\/\/keepdabeat.com\/wp-content\/uploads\/2024\/08\/seo-main.png\" \/>\n\t<meta property=\"og:image:width\" content=\"1080\" \/>\n\t<meta property=\"og:image:height\" content=\"620\" \/>\n\t<meta property=\"og:image:type\" content=\"image\/png\" \/>\n<meta name=\"twitter:card\" content=\"summary_large_image\" \/>\n<script type=\"application\/ld+json\" class=\"yoast-schema-graph\">{\"@context\":\"https:\/\/schema.org\",\"@graph\":[{\"@type\":\"WebPage\",\"@id\":\"https:\/\/keepdabeat.com\/privacy-policy\/\",\"url\":\"https:\/\/keepdabeat.com\/privacy-policy\/\",\"name\":\"Privacy Policy - keepdabeat.com\",\"isPartOf\":{\"@id\":\"https:\/\/keepdabeat.com\/#website\"},\"datePublished\":\"2024-01-26T19:14:54+00:00\",\"dateModified\":\"2024-01-29T17:37:16+00:00\",\"breadcrumb\":{\"@id\":\"https:\/\/keepdabeat.com\/privacy-policy\/#breadcrumb\"},\"inLanguage\":\"es\",\"potentialAction\":[{\"@type\":\"ReadAction\",\"target\":[\"https:\/\/keepdabeat.com\/privacy-policy\/\"]}]},{\"@type\":\"BreadcrumbList\",\"@id\":\"https:\/\/keepdabeat.com\/privacy-policy\/#breadcrumb\",\"itemListElement\":[{\"@type\":\"ListItem\",\"position\":1,\"name\":\"Home\",\"item\":\"https:\/\/keepdabeat.com\/\"},{\"@type\":\"ListItem\",\"position\":2,\"name\":\"Privacy Policy\"}]},{\"@type\":\"WebSite\",\"@id\":\"https:\/\/keepdabeat.com\/#website\",\"url\":\"https:\/\/keepdabeat.com\/\",\"name\":\"keepdabeat.com\",\"description\":\"\",\"publisher\":{\"@id\":\"https:\/\/keepdabeat.com\/#organization\"},\"potentialAction\":[{\"@type\":\"SearchAction\",\"target\":{\"@type\":\"EntryPoint\",\"urlTemplate\":\"https:\/\/keepdabeat.com\/?s={search_term_string}\"},\"query-input\":{\"@type\":\"PropertyValueSpecification\",\"valueRequired\":true,\"valueName\":\"search_term_string\"}}],\"inLanguage\":\"es\"},{\"@type\":\"Organization\",\"@id\":\"https:\/\/keepdabeat.com\/#organization\",\"name\":\"keepdabeat.com\",\"url\":\"https:\/\/keepdabeat.com\/\",\"logo\":{\"@type\":\"ImageObject\",\"inLanguage\":\"es\",\"@id\":\"https:\/\/keepdabeat.com\/#\/schema\/logo\/image\/\",\"url\":\"https:\/\/keepdabeat.com\/wp-content\/uploads\/2024\/02\/sello-invertido-1.png\",\"contentUrl\":\"https:\/\/keepdabeat.com\/wp-content\/uploads\/2024\/02\/sello-invertido-1.png\",\"width\":2867,\"height\":2930,\"caption\":\"keepdabeat.com\"},\"image\":{\"@id\":\"https:\/\/keepdabeat.com\/#\/schema\/logo\/image\/\"},\"sameAs\":[\"https:\/\/www.facebook.com\/keepdabeatup\"]}]}<\/script>\n<!-- \/ Yoast SEO plugin. -->","yoast_head_json":{"title":"Privacy Policy - keepdabeat.com","robots":{"index":"index","follow":"follow","max-snippet":"max-snippet:-1","max-image-preview":"max-image-preview:large","max-video-preview":"max-video-preview:-1"},"canonical":"https:\/\/keepdabeat.com\/es\/privacy-policy\/","og_locale":"es_ES","og_type":"article","og_title":"Privacy Policy - keepdabeat.com","og_description":"Privacy Policy","og_url":"https:\/\/keepdabeat.com\/es\/privacy-policy\/","og_site_name":"keepdabeat.com","article_publisher":"https:\/\/www.facebook.com\/keepdabeatup","article_modified_time":"2024-01-29T17:37:16+00:00","og_image":[{"width":1080,"height":620,"url":"https:\/\/keepdabeat.com\/wp-content\/uploads\/2024\/08\/seo-main.png","type":"image\/png"}],"twitter_card":"summary_large_image","schema":{"@context":"https:\/\/schema.org","@graph":[{"@type":"WebPage","@id":"https:\/\/keepdabeat.com\/privacy-policy\/","url":"https:\/\/keepdabeat.com\/privacy-policy\/","name":"Privacy Policy - keepdabeat.com","isPartOf":{"@id":"https:\/\/keepdabeat.com\/#website"},"datePublished":"2024-01-26T19:14:54+00:00","dateModified":"2024-01-29T17:37:16+00:00","breadcrumb":{"@id":"https:\/\/keepdabeat.com\/privacy-policy\/#breadcrumb"},"inLanguage":"es","potentialAction":[{"@type":"ReadAction","target":["https:\/\/keepdabeat.com\/privacy-policy\/"]}]},{"@type":"BreadcrumbList","@id":"https:\/\/keepdabeat.com\/privacy-policy\/#breadcrumb","itemListElement":[{"@type":"ListItem","position":1,"name":"Home","item":"https:\/\/keepdabeat.com\/"},{"@type":"ListItem","position":2,"name":"Privacy Policy"}]},{"@type":"WebSite","@id":"https:\/\/keepdabeat.com\/#website","url":"https:\/\/keepdabeat.com\/","name":"keepdabeat.com","description":"","publisher":{"@id":"https:\/\/keepdabeat.com\/#organization"},"potentialAction":[{"@type":"SearchAction","target":{"@type":"EntryPoint","urlTemplate":"https:\/\/keepdabeat.com\/?s={search_term_string}"},"query-input":{"@type":"PropertyValueSpecification","valueRequired":true,"valueName":"search_term_string"}}],"inLanguage":"es"},{"@type":"Organization","@id":"https:\/\/keepdabeat.com\/#organization","name":"keepdabeat.com","url":"https:\/\/keepdabeat.com\/","logo":{"@type":"ImageObject","inLanguage":"es","@id":"https:\/\/keepdabeat.com\/#\/schema\/logo\/image\/","url":"https:\/\/keepdabeat.com\/wp-content\/uploads\/2024\/02\/sello-invertido-1.png","contentUrl":"https:\/\/keepdabeat.com\/wp-content\/uploads\/2024\/02\/sello-invertido-1.png","width":2867,"height":2930,"caption":"keepdabeat.com"},"image":{"@id":"https:\/\/keepdabeat.com\/#\/schema\/logo\/image\/"},"sameAs":["https:\/\/www.facebook.com\/keepdabeatup"]}]}},"_links":{"self":[{"href":"https:\/\/keepdabeat.com\/es\/wp-json\/wp\/v2\/pages\/1457","targetHints":{"allow":["GET"]}}],"collection":[{"href":"https:\/\/keepdabeat.com\/es\/wp-json\/wp\/v2\/pages"}],"about":[{"href":"https:\/\/keepdabeat.com\/es\/wp-json\/wp\/v2\/types\/page"}],"author":[{"embeddable":true,"href":"https:\/\/keepdabeat.com\/es\/wp-json\/wp\/v2\/users\/1"}],"replies":[{"embeddable":true,"href":"https:\/\/keepdabeat.com\/es\/wp-json\/wp\/v2\/comments?post=1457"}],"version-history":[{"count":28,"href":"https:\/\/keepdabeat.com\/es\/wp-json\/wp\/v2\/pages\/1457\/revisions"}],"predecessor-version":[{"id":1486,"href":"https:\/\/keepdabeat.com\/es\/wp-json\/wp\/v2\/pages\/1457\/revisions\/1486"}],"wp:attachment":[{"href":"https:\/\/keepdabeat.com\/es\/wp-json\/wp\/v2\/media?parent=1457"}],"curies":[{"name":"wp","href":"https:\/\/api.w.org\/{rel}","templated":true}]}}