{"id":1490,"date":"2024-01-27T00:33:01","date_gmt":"2024-01-27T00:33:01","guid":{"rendered":"https:\/\/keepdabeat.com\/?page_id=1490"},"modified":"2024-01-27T18:39:56","modified_gmt":"2024-01-27T18:39:56","slug":"shipping-and-returns","status":"publish","type":"page","link":"https:\/\/keepdabeat.com\/es\/shipping-and-returns\/","title":{"rendered":"Env\u00edos y Devoluciones"},"content":{"rendered":"<div data-elementor-type=\"wp-page\" data-elementor-id=\"1490\" class=\"elementor elementor-1490\">\n\t\t\t\t<div class=\"elementor-element elementor-element-4a59277 e-flex e-con-boxed e-con e-parent\" data-id=\"4a59277\" data-element_type=\"container\" data-e-type=\"container\">\n\t\t\t\t\t<div class=\"e-con-inner\">\n\t\t\t\t<div class=\"elementor-element elementor-element-84a45c8 elementor-widget elementor-widget-heading\" data-id=\"84a45c8\" data-element_type=\"widget\" data-e-type=\"widget\" data-widget_type=\"heading.default\">\n\t\t\t\t<div class=\"elementor-widget-container\">\n\t\t\t\t\t<h1 class=\"elementor-heading-title elementor-size-default\">Env\u00edos Y Devoluciones<\/h1>\t\t\t\t<\/div>\n\t\t\t\t<\/div>\n\t\t\t\t<div class=\"elementor-element elementor-element-5763c54 elementor-invisible elementor-widget elementor-widget-shortcode\" data-id=\"5763c54\" data-element_type=\"widget\" data-e-type=\"widget\" data-settings=\"{&quot;_animation&quot;:&quot;fadeIn&quot;}\" data-widget_type=\"shortcode.default\">\n\t\t\t\t<div class=\"elementor-widget-container\">\n\t\t\t\t\t\t\t<div class=\"elementor-shortcode\"><style>#sp-ea-1489 .spcollapsing { height: 0; overflow: hidden; transition-property: height;transition-duration: 300ms;}#sp-ea-1489.sp-easy-accordion>.sp-ea-single {margin-bottom: 10px; border: 1px solid #e2e2e2; }#sp-ea-1489.sp-easy-accordion>.sp-ea-single>.ea-header a {color: #444;}#sp-ea-1489.sp-easy-accordion>.sp-ea-single>.sp-collapse>.ea-body {background: #fff; color: #444;}#sp-ea-1489.sp-easy-accordion>.sp-ea-single {background: #eee;}#sp-ea-1489.sp-easy-accordion>.sp-ea-single>.ea-header a .ea-expand-icon { float: left; color: #444;font-size: 16px;}<\/style><div id=\"sp_easy_accordion-1706315274\"><div id=\"sp-ea-1489\" class=\"sp-ea-one sp-easy-accordion\" data-ea-active=\"ea-click\" data-ea-mode=\"vertical\" data-preloader=\"\" data-scroll-active-item=\"\" data-offset-to-scroll=\"0\"><div class=\"ea-card sp-ea-single\"><h3 class=\"ea-header\"><a class=\"collapsed\" id=\"ea-header-14890\" role=\"button\" data-sptoggle=\"spcollapse\" data-sptarget=\"#collapse14890\" aria-controls=\"collapse14890\" href=\"#\" aria-expanded=\"false\" tabindex=\"0\">Gastos de env\u00edo<\/a><\/h3><div class=\"sp-collapse spcollapse spcollapse\" id=\"collapse14890\" data-parent=\"#sp-ea-1489\" role=\"region\" aria-labelledby=\"ea-header-14890\"> <div class=\"ea-body\"><p><b>Spain and European Union<\/b><\/p><ul><li>All Spanish's\u00a0 and European countries's\u00a0 orders are shipped within 72 hours during the week, and all weekend orders are shipped from the following Monday and within 72 hours.<\/li><li>Puedes consultar el coste estimado del env\u00edo directamente en la p\u00e1gina del carrito.<\/li><li>Keep Da Beat (KDB) uses Spanish National Royal Mail and\/or approved courier services for shipping.<\/li><li>Todos los pedidos con opci\u00f3n \u201cfirma\u201d, asegurados, por mensajer\u00eda o expr\u00e9s, requerir\u00e1n una firma al momento de la entrega.<\/li><li>Una vez que el pedido haya sido enviado, KDB no podr\u00e1 redirigirlo ni modificar su destino.<\/li><li>FREE SHIPPING on orders 80.00 \u20ac or more.<\/li><\/ul><p><b>United Kingdom and International Duties (non-EU countries)<\/b><\/p><ul><li class=\"gmail-p1\">KDB currently operates Spain and countries from the European Union only.<\/li><li class=\"gmail-p1\">Si est\u00e1s interesado en alguno de nuestros productos desde fueraEspa\u00f1a o pa\u00edses de la Uni\u00f3n Europea, escr\u00edbenos a info@keepdabeat.com e intentaremos hacer todo lo posible por atender tu solicitud.<\/li><\/ul><\/div><\/div><\/div><div class=\"ea-card sp-ea-single\"><h3 class=\"ea-header\"><a class=\"collapsed\" id=\"ea-header-14891\" role=\"button\" data-sptoggle=\"spcollapse\" data-sptarget=\"#collapse14891\" aria-controls=\"collapse14891\" href=\"#\" aria-expanded=\"false\" tabindex=\"0\">Cancelaciones, Devoluciones Y Reembolsos<\/a><\/h3><div class=\"sp-collapse spcollapse spcollapse\" id=\"collapse14891\" data-parent=\"#sp-ea-1489\" role=\"region\" aria-labelledby=\"ea-header-14891\"> <div class=\"ea-body\"><ul><li class=\"p1\">Todos los clientes tienen derecho a cancelar su pedido conforme a lo establecido por la normativa de Contratos con Consumidores (Informaci\u00f3n, Cancelaci\u00f3n y Cargos Adicionales).<\/li><li class=\"p1\">Este derecho comienza en el momento en que realizas tu pedido y finaliza 30 d\u00edas despu\u00e9s de haber recibido los productos.<\/li><li class=\"p1\">Para cumplir con el plazo de cancelaci\u00f3n, es necesario que nos informes de tu decisi\u00f3n por correo electr\u00f3nico o por tel\u00e9fono antes de que dicho periodo expire.\nPuedes escribirnos a: info@keepdabeat.com o llamarnos al +44 (0) 77295405 para m\u00e1s informaci\u00f3n.<\/li><li class=\"p1\">Si ya tienes los productos en tu poder, debes conservarlos en buen estado y asegurarte de que se encuentren en condiciones razonables.\nDeber\u00e1s devolvernos los productos a nuestra direcci\u00f3n de contacto a tu propio coste (salvo que el producto est\u00e9 da\u00f1ado, defectuoso o hayamos cometido un error en el env\u00edo), tan pronto como sea posible tras notificar la cancelaci\u00f3n.<\/li><li class=\"p1\">Keep Da Beat (KDB) se reserva el derecho de aplicar un cargo equivalente a los costes directos derivados de la recuperaci\u00f3n del producto si no devuelves el art\u00edculo o lo haces a nuestro cargo sin justificaci\u00f3n v\u00e1lida.<\/li><li class=\"p1\">Una vez que hayamos recibido tu notificaci\u00f3n de cancelaci\u00f3n, te reembolsaremos cualquier importe pagado lo antes posible y, en todo caso, en un plazo m\u00e1ximo de 14 d\u00edas desde la fecha de cancelaci\u00f3n.<\/li><li class=\"p1\">ceptamos devoluciones de cualquier producto, siempre y cuando se devuelva en el mismo estado en que fue entregado.<\/li><li class=\"p1\">Los art\u00edculos deber\u00e1n llegar de vuelta a nuestro almac\u00e9n en las mismas condiciones en que fueron enviados (salvo que hayas facilitado una fotograf\u00eda del producto antes del env\u00edo) y dentro de los 30 d\u00edas posteriores a la recepci\u00f3n.\nEs imprescindible devolverlos en su embalaje original para garantizar su protecci\u00f3n durante el transporte.<\/li><li class=\"p1\">Si necesitas devolver un producto por estar defectuoso o por un error en la descripci\u00f3n, KDB cubrir\u00e1 los gastos de env\u00edo de la devoluci\u00f3n.<\/li><li class=\"p1\">En caso de que la devoluci\u00f3n se deba a una elecci\u00f3n equivocada o un cambio de opini\u00f3n, el coste de la devoluci\u00f3n correr\u00e1 a cargo del cliente.<span class=\"Apple-converted-space\">\u00a0 <\/span>se espera el cliente para cubrir el coste de la devoluci\u00f3n.<\/li><li class=\"p1\">Estas condiciones se rigen por la legislaci\u00f3n inglesa. Cualquier conflicto derivado de estos t\u00e9rminos y condiciones ser\u00e1 resuelto exclusivamente por los tribunales de Inglaterra y Gales.<\/li><\/ul><\/div><\/div><\/div><\/div><\/div><\/div>\n\t\t\t\t\t\t<\/div>\n\t\t\t\t<\/div>\n\t\t\t\t\t<\/div>\n\t\t\t\t<\/div>\n\t\t\t\t<\/div>","protected":false},"excerpt":{"rendered":"<p>Env\u00edos Y Devoluciones<\/p>","protected":false},"author":1,"featured_media":0,"parent":0,"menu_order":0,"comment_status":"closed","ping_status":"closed","template":"","meta":{"footnotes":""},"class_list":["post-1490","page","type-page","status-publish","hentry"],"yoast_head":"<!-- This site is optimized with the Yoast SEO plugin v27.0 - https:\/\/yoast.com\/product\/yoast-seo-wordpress\/ -->\n<title>Shipping and Returns - keepdabeat.com<\/title>\n<meta name=\"robots\" content=\"index, follow, max-snippet:-1, max-image-preview:large, max-video-preview:-1\" \/>\n<link rel=\"canonical\" href=\"https:\/\/keepdabeat.com\/es\/shipping-and-returns\/\" \/>\n<meta property=\"og:locale\" content=\"es_ES\" \/>\n<meta property=\"og:type\" content=\"article\" \/>\n<meta property=\"og:title\" content=\"Shipping and Returns - keepdabeat.com\" \/>\n<meta property=\"og:description\" content=\"Shipping And Returns\" \/>\n<meta property=\"og:url\" content=\"https:\/\/keepdabeat.com\/es\/shipping-and-returns\/\" \/>\n<meta property=\"og:site_name\" content=\"keepdabeat.com\" \/>\n<meta property=\"article:publisher\" content=\"https:\/\/www.facebook.com\/keepdabeatup\" \/>\n<meta property=\"article:modified_time\" content=\"2024-01-27T18:39:56+00:00\" \/>\n<meta property=\"og:image\" content=\"https:\/\/keepdabeat.com\/wp-content\/uploads\/2024\/08\/seo-main.png\" \/>\n\t<meta property=\"og:image:width\" content=\"1080\" \/>\n\t<meta property=\"og:image:height\" content=\"620\" \/>\n\t<meta property=\"og:image:type\" content=\"image\/png\" \/>\n<meta name=\"twitter:card\" content=\"summary_large_image\" \/>\n<script type=\"application\/ld+json\" class=\"yoast-schema-graph\">{\"@context\":\"https:\/\/schema.org\",\"@graph\":[{\"@type\":\"WebPage\",\"@id\":\"https:\/\/keepdabeat.com\/shipping-and-returns\/\",\"url\":\"https:\/\/keepdabeat.com\/shipping-and-returns\/\",\"name\":\"Shipping and Returns - keepdabeat.com\",\"isPartOf\":{\"@id\":\"https:\/\/keepdabeat.com\/#website\"},\"datePublished\":\"2024-01-27T00:33:01+00:00\",\"dateModified\":\"2024-01-27T18:39:56+00:00\",\"breadcrumb\":{\"@id\":\"https:\/\/keepdabeat.com\/shipping-and-returns\/#breadcrumb\"},\"inLanguage\":\"es\",\"potentialAction\":[{\"@type\":\"ReadAction\",\"target\":[\"https:\/\/keepdabeat.com\/shipping-and-returns\/\"]}]},{\"@type\":\"BreadcrumbList\",\"@id\":\"https:\/\/keepdabeat.com\/shipping-and-returns\/#breadcrumb\",\"itemListElement\":[{\"@type\":\"ListItem\",\"position\":1,\"name\":\"Home\",\"item\":\"https:\/\/keepdabeat.com\/\"},{\"@type\":\"ListItem\",\"position\":2,\"name\":\"Shipping and Returns\"}]},{\"@type\":\"WebSite\",\"@id\":\"https:\/\/keepdabeat.com\/#website\",\"url\":\"https:\/\/keepdabeat.com\/\",\"name\":\"keepdabeat.com\",\"description\":\"\",\"publisher\":{\"@id\":\"https:\/\/keepdabeat.com\/#organization\"},\"potentialAction\":[{\"@type\":\"SearchAction\",\"target\":{\"@type\":\"EntryPoint\",\"urlTemplate\":\"https:\/\/keepdabeat.com\/?s={search_term_string}\"},\"query-input\":{\"@type\":\"PropertyValueSpecification\",\"valueRequired\":true,\"valueName\":\"search_term_string\"}}],\"inLanguage\":\"es\"},{\"@type\":\"Organization\",\"@id\":\"https:\/\/keepdabeat.com\/#organization\",\"name\":\"keepdabeat.com\",\"url\":\"https:\/\/keepdabeat.com\/\",\"logo\":{\"@type\":\"ImageObject\",\"inLanguage\":\"es\",\"@id\":\"https:\/\/keepdabeat.com\/#\/schema\/logo\/image\/\",\"url\":\"https:\/\/keepdabeat.com\/wp-content\/uploads\/2024\/02\/sello-invertido-1.png\",\"contentUrl\":\"https:\/\/keepdabeat.com\/wp-content\/uploads\/2024\/02\/sello-invertido-1.png\",\"width\":2867,\"height\":2930,\"caption\":\"keepdabeat.com\"},\"image\":{\"@id\":\"https:\/\/keepdabeat.com\/#\/schema\/logo\/image\/\"},\"sameAs\":[\"https:\/\/www.facebook.com\/keepdabeatup\"]}]}<\/script>\n<!-- \/ Yoast SEO plugin. -->","yoast_head_json":{"title":"Shipping and Returns - keepdabeat.com","robots":{"index":"index","follow":"follow","max-snippet":"max-snippet:-1","max-image-preview":"max-image-preview:large","max-video-preview":"max-video-preview:-1"},"canonical":"https:\/\/keepdabeat.com\/es\/shipping-and-returns\/","og_locale":"es_ES","og_type":"article","og_title":"Shipping and Returns - keepdabeat.com","og_description":"Shipping And Returns","og_url":"https:\/\/keepdabeat.com\/es\/shipping-and-returns\/","og_site_name":"keepdabeat.com","article_publisher":"https:\/\/www.facebook.com\/keepdabeatup","article_modified_time":"2024-01-27T18:39:56+00:00","og_image":[{"width":1080,"height":620,"url":"https:\/\/keepdabeat.com\/wp-content\/uploads\/2024\/08\/seo-main.png","type":"image\/png"}],"twitter_card":"summary_large_image","schema":{"@context":"https:\/\/schema.org","@graph":[{"@type":"WebPage","@id":"https:\/\/keepdabeat.com\/shipping-and-returns\/","url":"https:\/\/keepdabeat.com\/shipping-and-returns\/","name":"Shipping and Returns - keepdabeat.com","isPartOf":{"@id":"https:\/\/keepdabeat.com\/#website"},"datePublished":"2024-01-27T00:33:01+00:00","dateModified":"2024-01-27T18:39:56+00:00","breadcrumb":{"@id":"https:\/\/keepdabeat.com\/shipping-and-returns\/#breadcrumb"},"inLanguage":"es","potentialAction":[{"@type":"ReadAction","target":["https:\/\/keepdabeat.com\/shipping-and-returns\/"]}]},{"@type":"BreadcrumbList","@id":"https:\/\/keepdabeat.com\/shipping-and-returns\/#breadcrumb","itemListElement":[{"@type":"ListItem","position":1,"name":"Home","item":"https:\/\/keepdabeat.com\/"},{"@type":"ListItem","position":2,"name":"Shipping and Returns"}]},{"@type":"WebSite","@id":"https:\/\/keepdabeat.com\/#website","url":"https:\/\/keepdabeat.com\/","name":"keepdabeat.com","description":"","publisher":{"@id":"https:\/\/keepdabeat.com\/#organization"},"potentialAction":[{"@type":"SearchAction","target":{"@type":"EntryPoint","urlTemplate":"https:\/\/keepdabeat.com\/?s={search_term_string}"},"query-input":{"@type":"PropertyValueSpecification","valueRequired":true,"valueName":"search_term_string"}}],"inLanguage":"es"},{"@type":"Organization","@id":"https:\/\/keepdabeat.com\/#organization","name":"keepdabeat.com","url":"https:\/\/keepdabeat.com\/","logo":{"@type":"ImageObject","inLanguage":"es","@id":"https:\/\/keepdabeat.com\/#\/schema\/logo\/image\/","url":"https:\/\/keepdabeat.com\/wp-content\/uploads\/2024\/02\/sello-invertido-1.png","contentUrl":"https:\/\/keepdabeat.com\/wp-content\/uploads\/2024\/02\/sello-invertido-1.png","width":2867,"height":2930,"caption":"keepdabeat.com"},"image":{"@id":"https:\/\/keepdabeat.com\/#\/schema\/logo\/image\/"},"sameAs":["https:\/\/www.facebook.com\/keepdabeatup"]}]}},"_links":{"self":[{"href":"https:\/\/keepdabeat.com\/es\/wp-json\/wp\/v2\/pages\/1490","targetHints":{"allow":["GET"]}}],"collection":[{"href":"https:\/\/keepdabeat.com\/es\/wp-json\/wp\/v2\/pages"}],"about":[{"href":"https:\/\/keepdabeat.com\/es\/wp-json\/wp\/v2\/types\/page"}],"author":[{"embeddable":true,"href":"https:\/\/keepdabeat.com\/es\/wp-json\/wp\/v2\/users\/1"}],"replies":[{"embeddable":true,"href":"https:\/\/keepdabeat.com\/es\/wp-json\/wp\/v2\/comments?post=1490"}],"version-history":[{"count":10,"href":"https:\/\/keepdabeat.com\/es\/wp-json\/wp\/v2\/pages\/1490\/revisions"}],"predecessor-version":[{"id":1501,"href":"https:\/\/keepdabeat.com\/es\/wp-json\/wp\/v2\/pages\/1490\/revisions\/1501"}],"wp:attachment":[{"href":"https:\/\/keepdabeat.com\/es\/wp-json\/wp\/v2\/media?parent=1490"}],"curies":[{"name":"wp","href":"https:\/\/api.w.org\/{rel}","templated":true}]}}