{"id":1505,"date":"2024-01-27T17:58:09","date_gmt":"2024-01-27T17:58:09","guid":{"rendered":"https:\/\/keepdabeat.com\/?page_id=1505"},"modified":"2024-01-29T17:37:53","modified_gmt":"2024-01-29T17:37:53","slug":"terms-conditions","status":"publish","type":"page","link":"https:\/\/keepdabeat.com\/es\/terms-conditions\/","title":{"rendered":"T\u00e9rminos y Condiciones"},"content":{"rendered":"<div data-elementor-type=\"wp-page\" data-elementor-id=\"1505\" class=\"elementor elementor-1505\">\n\t\t\t\t<div class=\"elementor-element elementor-element-af0d2d1 e-flex e-con-boxed e-con e-parent\" data-id=\"af0d2d1\" data-element_type=\"container\" data-e-type=\"container\">\n\t\t\t\t\t<div class=\"e-con-inner\">\n\t\t\t\t<div class=\"elementor-element elementor-element-8d6b281 elementor-invisible elementor-widget elementor-widget-heading\" data-id=\"8d6b281\" data-element_type=\"widget\" data-e-type=\"widget\" data-settings=\"{&quot;_animation&quot;:&quot;fadeInUp&quot;}\" data-widget_type=\"heading.default\">\n\t\t\t\t<div class=\"elementor-widget-container\">\n\t\t\t\t\t<h1 class=\"elementor-heading-title elementor-size-default\">T\u00e9rminos y Condiciones<\/h1>\t\t\t\t<\/div>\n\t\t\t\t<\/div>\n\t\t\t\t<div class=\"elementor-element elementor-element-3719f12 elementor-invisible elementor-widget elementor-widget-shortcode\" data-id=\"3719f12\" data-element_type=\"widget\" data-e-type=\"widget\" data-settings=\"{&quot;_animation&quot;:&quot;fadeIn&quot;}\" data-widget_type=\"shortcode.default\">\n\t\t\t\t<div class=\"elementor-widget-container\">\n\t\t\t\t\t\t\t<div class=\"elementor-shortcode\"><style>#sp-ea-1504 .spcollapsing { height: 0; overflow: hidden; transition-property: height;transition-duration: 300ms;}#sp-ea-1504.sp-easy-accordion>.sp-ea-single {margin-bottom: 10px; border: 1px solid #e2e2e2; }#sp-ea-1504.sp-easy-accordion>.sp-ea-single>.ea-header a {color: #444;}#sp-ea-1504.sp-easy-accordion>.sp-ea-single>.sp-collapse>.ea-body {background: #fff; color: #444;}#sp-ea-1504.sp-easy-accordion>.sp-ea-single {background: #eee;}#sp-ea-1504.sp-easy-accordion>.sp-ea-single>.ea-header a .ea-expand-icon { float: left; color: #444;font-size: 16px;}<\/style><div id=\"sp_easy_accordion-1706376813\"><div id=\"sp-ea-1504\" class=\"sp-ea-one sp-easy-accordion\" data-ea-active=\"ea-click\" data-ea-mode=\"vertical\" data-preloader=\"\" data-scroll-active-item=\"\" data-offset-to-scroll=\"0\"><div class=\"ea-card sp-ea-single\"><h3 class=\"ea-header\"><a class=\"collapsed\" id=\"ea-header-15040\" role=\"button\" data-sptoggle=\"spcollapse\" data-sptarget=\"#collapse15040\" aria-controls=\"collapse15040\" href=\"#\" aria-expanded=\"false\" tabindex=\"0\">Consideraciones Generales<\/a><\/h3><div class=\"sp-collapse spcollapse spcollapse\" id=\"collapse15040\" data-parent=\"#sp-ea-1504\" role=\"region\" aria-labelledby=\"ea-header-15040\"> <div class=\"ea-body\"><p class=\"p1\">Si contin\u00faas navegando y utilizando este sitio web, aceptas cumplir y estar sujeto a los siguientes t\u00e9rminos y condiciones de uso, que junto con nuestra pol\u00edtica de privacidad rigen la relaci\u00f3n de Keep Da Beat con usted en relaci\u00f3n con este sitio web. Si no est\u00e1s de acuerdo con alguna parte de estos t\u00e9rminos y condiciones, no utilices nuestro sitio web.<\/p><\/div><\/div><\/div><div class=\"ea-card sp-ea-single\"><h3 class=\"ea-header\"><a class=\"collapsed\" id=\"ea-header-15041\" role=\"button\" data-sptoggle=\"spcollapse\" data-sptarget=\"#collapse15041\" aria-controls=\"collapse15041\" href=\"#\" aria-expanded=\"false\" tabindex=\"0\">T\u00e9rminos de Compra<\/a><\/h3><div class=\"sp-collapse spcollapse spcollapse\" id=\"collapse15041\" data-parent=\"#sp-ea-1504\" role=\"region\" aria-labelledby=\"ea-header-15041\"> <div class=\"ea-body\"><p class=\"p1\">El contenido de las p\u00e1ginas de este sitio web es para tu informaci\u00f3n general y uso \u00fanicamente. Est\u00e1 sujeto a cambios sin previo aviso. Est\u00e1 prohibida cualquier reproducci\u00f3n o redistribuci\u00f3n de cualquier contenido de este sitio web.<\/p><p class=\"p1\">Ni Keep Da Beat (KDB) ni terceros ofrecen ninguna garant\u00eda en cuanto a la exactitud, puntualidad, rendimiento, integridad o idoneidad de la informaci\u00f3n y los materiales encontrados u ofrecidos en este sitio web para ning\u00fan prop\u00f3sito particular. T\u00fa reconoces que dicha informaci\u00f3n y materiales pueden contener inexactitudes o errores y excluimos expresamente la responsabilidad por dichas inexactitudes o errores en la m\u00e1xima medida permitida por la ley.<\/p><p class=\"p1\">El uso que hagas de cualquier informaci\u00f3n o material en este sitio web es bajo tu propio riesgo, del cual no seremos responsables. Ser\u00e1 su propia responsabilidad asegurarse de que cualquier producto, servicio o informaci\u00f3n disponible a trav\u00e9s de este sitio web cumpla con tus necesidades espec\u00edficas.<\/p><p class=\"p1\">Este sitio web contiene material que es de nuestra propiedad o tiene licencia para nosotros. Este material incluye, entre otros, el dise\u00f1o, el c\u00f3digo, la disposici\u00f3n, la apariencia y los gr\u00e1ficos. La reproducci\u00f3n est\u00e1 prohibida excepto de conformidad con el aviso de derechos de autor, que forma parte de estos t\u00e9rminos y condiciones.<\/p><p class=\"p2\">Cualquier material que un visitante de este sitio web env\u00ede o publique en este sitio web se considerar\u00e1 no propietario ni confidencial. Tendremos derecho a copiar, divulgar, distribuir o utilizar para cualquier otro fin que consideremos apropiado todo el material que se nos proporcione, con excepci\u00f3n de la informaci\u00f3n personal.<\/p><p class=\"p1\">Todas las marcas comerciales reproducidas en este sitio web, que no son propiedad ni tienen licencia del operador, se reconocen en el sitio web.<\/p><p class=\"p1\">El uso no autorizado de este sitio web puede dar lugar a una reclamaci\u00f3n por da\u00f1os y perjuicios y\/o constituir un delito penal.<\/p><p class=\"p1\">De vez en cuando, este sitio web tambi\u00e9n puede incluir enlaces a otros sitios web. Estos enlaces se proporcionan para su comodidad para proporcionar m\u00e1s informaci\u00f3n. No significan que KDB respalde los sitios web. KDB<span class=\"Apple-converted-space\">\u00a0 <\/span>no tenemos ninguna responsabilidad por el contenido del sitio web vinculado(s).<\/p><p class=\"p1\">El uso de este sitio web y cualquier disputa que surja de dicho uso del sitio web est\u00e1 sujeto a las leyes de Inglaterra, Irlanda del Norte, Escocia y Gales, as\u00ed como la Normativa Europea.<\/p><\/div><\/div><\/div><div class=\"ea-card sp-ea-single\"><h3 class=\"ea-header\"><a class=\"collapsed\" id=\"ea-header-15042\" role=\"button\" data-sptoggle=\"spcollapse\" data-sptarget=\"#collapse15042\" aria-controls=\"collapse15042\" href=\"#\" aria-expanded=\"false\" tabindex=\"0\">Pedidos<\/a><\/h3><div class=\"sp-collapse spcollapse spcollapse\" id=\"collapse15042\" data-parent=\"#sp-ea-1504\" role=\"region\" aria-labelledby=\"ea-header-15042\"> <div class=\"ea-body\"><p class=\"p1\">Todos los pedidos est\u00e1n sujetos a disponibilidad. Los productos en tu carrito no se considerar\u00e1n reservados ni confirmados hasta que el pago se haya procesado correctamente.<\/p><p class=\"p2\">Una vez que el pago se ha completado con \u00e9xito,<span class=\"Apple-converted-space\">\u00a0 <\/span>Una vez que el pago se haya realizado con \u00e9xito, tu pedido ser\u00e1 preparado y enviado sin demoras indebidas, y como m\u00e1ximo en un plazo de 30 d\u00edas desde su realizaci\u00f3n.<\/p><p class=\"p2\">Por favor, ten en cuenta que el env\u00edo puede tardar hasta 3 d\u00edas laborables a partir del momento en que tu pedido haya sido despachado.<\/p><p class=\"p1\">Las fechas estimadas para productos en preventa est\u00e1n sujetas a posibles cambios dependiendo de los plazos de fabricaci\u00f3n y entrega por parte de nuestros proveedores.<\/p><p><strong>Cancelaciones, Devoluciones Y Reembolsos<\/strong><\/p><p class=\"p2\">Todos los clientes tienen derecho a cancelar su pedido conforme a lo establecido por la normativa de Contratos con Consumidores (Informaci\u00f3n, Cancelaci\u00f3n y Cargos Adicionales).<\/p><p class=\"p2\">Este derecho comienza en el momento en que realizas tu pedido y finaliza 30 d\u00edas despu\u00e9s de haber recibido los productos.<\/p><p class=\"p2\" style=\"text-align: left\">Para ejercer tu derecho de cancelaci\u00f3n dentro del plazo, debes contactarnos por correo electr\u00f3nico o tel\u00e9fono antes de que expire dicho periodo.\nPuedes escribirnos a: info@keepdabeat.com o llamarnos al +44 (0) 7708295405 para m\u00e1s informaci\u00f3n.<span class=\"Apple-converted-space\">\u00a0<\/span><\/p><p class=\"p2\">Si ya tienes los productos en tu poder, debes conservarlos en buen estado y asegurarte de que se encuentren en condiciones razonables.\nDeber\u00e1s devolvernos los productos a nuestra direcci\u00f3n de contacto a tu propio coste (salvo que el producto est\u00e9 da\u00f1ado, defectuoso o hayamos cometido un error en el env\u00edo), tan pronto como sea posible tras notificar la cancelaci\u00f3n.<\/p><p class=\"p2\">Keep Da Beat (KDB) se reserva el derecho de aplicar un cargo equivalente a los costes directos derivados de la recuperaci\u00f3n del producto si no devuelves el art\u00edculo o lo haces a nuestro cargo sin justificaci\u00f3n v\u00e1lida.<\/p><p class=\"p2\">Una vez que hayamos recibido tu notificaci\u00f3n de cancelaci\u00f3n, te reembolsaremos cualquier importe pagado lo antes posible y, en todo caso, en un plazo m\u00e1ximo de 14 d\u00edas desde la fecha de cancelaci\u00f3n.<\/p><p class=\"p2\">ceptamos devoluciones de cualquier producto, siempre y cuando se devuelva en el mismo estado en que fue entregado.<\/p><p class=\"p1\">Los art\u00edculos deben llegar a nuestro almac\u00e9n en las mismas condiciones en que fueron enviados (salvo que se haya enviado una foto del estado del producto antes del env\u00edo) y dentro de los 30 d\u00edas posteriores a su recepci\u00f3n. Es importante que los productos se devuelvan en su embalaje original para garantizar su protecci\u00f3n durante el transporte.<\/p><p class=\"p2\">Si necesitas devolver un producto por estar defectuoso o por un error en la descripci\u00f3n, KDB cubrir\u00e1 los gastos de env\u00edo de la devoluci\u00f3n.<\/p><p class=\"p2\">En caso de que la devoluci\u00f3n se deba a una elecci\u00f3n equivocada o un cambio de opini\u00f3n, el coste de la devoluci\u00f3n correr\u00e1 a cargo del cliente.<span class=\"Apple-converted-space\">\u00a0 <\/span>se espera el cliente para cubrir el coste de la devoluci\u00f3n.<\/p><\/div><\/div><\/div><\/div><\/div><\/div>\n\t\t\t\t\t\t<\/div>\n\t\t\t\t<\/div>\n\t\t\t\t\t<\/div>\n\t\t\t\t<\/div>\n\t\t\t\t<\/div>","protected":false},"excerpt":{"rendered":"<p>T\u00e9rminos y Condiciones<\/p>","protected":false},"author":1,"featured_media":0,"parent":0,"menu_order":0,"comment_status":"closed","ping_status":"closed","template":"","meta":{"footnotes":""},"class_list":["post-1505","page","type-page","status-publish","hentry"],"yoast_head":"<!-- This site is optimized with the Yoast SEO plugin v27.0 - https:\/\/yoast.com\/product\/yoast-seo-wordpress\/ -->\n<title>Terms &amp; Conditions - keepdabeat.com<\/title>\n<meta name=\"robots\" content=\"index, follow, max-snippet:-1, max-image-preview:large, max-video-preview:-1\" \/>\n<link rel=\"canonical\" href=\"https:\/\/keepdabeat.com\/es\/terms-conditions\/\" \/>\n<meta property=\"og:locale\" content=\"es_ES\" \/>\n<meta property=\"og:type\" content=\"article\" \/>\n<meta property=\"og:title\" content=\"Terms &amp; Conditions - keepdabeat.com\" \/>\n<meta property=\"og:description\" content=\"Terms &amp; Conditions\" \/>\n<meta property=\"og:url\" content=\"https:\/\/keepdabeat.com\/es\/terms-conditions\/\" \/>\n<meta property=\"og:site_name\" content=\"keepdabeat.com\" \/>\n<meta property=\"article:publisher\" content=\"https:\/\/www.facebook.com\/keepdabeatup\" \/>\n<meta property=\"article:modified_time\" content=\"2024-01-29T17:37:53+00:00\" \/>\n<meta property=\"og:image\" content=\"https:\/\/keepdabeat.com\/wp-content\/uploads\/2024\/08\/seo-main.png\" \/>\n\t<meta property=\"og:image:width\" content=\"1080\" \/>\n\t<meta property=\"og:image:height\" content=\"620\" \/>\n\t<meta property=\"og:image:type\" content=\"image\/png\" \/>\n<meta name=\"twitter:card\" content=\"summary_large_image\" \/>\n<script type=\"application\/ld+json\" class=\"yoast-schema-graph\">{\"@context\":\"https:\/\/schema.org\",\"@graph\":[{\"@type\":\"WebPage\",\"@id\":\"https:\/\/keepdabeat.com\/terms-conditions\/\",\"url\":\"https:\/\/keepdabeat.com\/terms-conditions\/\",\"name\":\"Terms & Conditions - keepdabeat.com\",\"isPartOf\":{\"@id\":\"https:\/\/keepdabeat.com\/#website\"},\"datePublished\":\"2024-01-27T17:58:09+00:00\",\"dateModified\":\"2024-01-29T17:37:53+00:00\",\"breadcrumb\":{\"@id\":\"https:\/\/keepdabeat.com\/terms-conditions\/#breadcrumb\"},\"inLanguage\":\"es\",\"potentialAction\":[{\"@type\":\"ReadAction\",\"target\":[\"https:\/\/keepdabeat.com\/terms-conditions\/\"]}]},{\"@type\":\"BreadcrumbList\",\"@id\":\"https:\/\/keepdabeat.com\/terms-conditions\/#breadcrumb\",\"itemListElement\":[{\"@type\":\"ListItem\",\"position\":1,\"name\":\"Home\",\"item\":\"https:\/\/keepdabeat.com\/\"},{\"@type\":\"ListItem\",\"position\":2,\"name\":\"Terms &#038; Conditions\"}]},{\"@type\":\"WebSite\",\"@id\":\"https:\/\/keepdabeat.com\/#website\",\"url\":\"https:\/\/keepdabeat.com\/\",\"name\":\"keepdabeat.com\",\"description\":\"\",\"publisher\":{\"@id\":\"https:\/\/keepdabeat.com\/#organization\"},\"potentialAction\":[{\"@type\":\"SearchAction\",\"target\":{\"@type\":\"EntryPoint\",\"urlTemplate\":\"https:\/\/keepdabeat.com\/?s={search_term_string}\"},\"query-input\":{\"@type\":\"PropertyValueSpecification\",\"valueRequired\":true,\"valueName\":\"search_term_string\"}}],\"inLanguage\":\"es\"},{\"@type\":\"Organization\",\"@id\":\"https:\/\/keepdabeat.com\/#organization\",\"name\":\"keepdabeat.com\",\"url\":\"https:\/\/keepdabeat.com\/\",\"logo\":{\"@type\":\"ImageObject\",\"inLanguage\":\"es\",\"@id\":\"https:\/\/keepdabeat.com\/#\/schema\/logo\/image\/\",\"url\":\"https:\/\/keepdabeat.com\/wp-content\/uploads\/2024\/02\/sello-invertido-1.png\",\"contentUrl\":\"https:\/\/keepdabeat.com\/wp-content\/uploads\/2024\/02\/sello-invertido-1.png\",\"width\":2867,\"height\":2930,\"caption\":\"keepdabeat.com\"},\"image\":{\"@id\":\"https:\/\/keepdabeat.com\/#\/schema\/logo\/image\/\"},\"sameAs\":[\"https:\/\/www.facebook.com\/keepdabeatup\"]}]}<\/script>\n<!-- \/ Yoast SEO plugin. -->","yoast_head_json":{"title":"Terms & Conditions - keepdabeat.com","robots":{"index":"index","follow":"follow","max-snippet":"max-snippet:-1","max-image-preview":"max-image-preview:large","max-video-preview":"max-video-preview:-1"},"canonical":"https:\/\/keepdabeat.com\/es\/terms-conditions\/","og_locale":"es_ES","og_type":"article","og_title":"Terms & Conditions - keepdabeat.com","og_description":"Terms &amp; Conditions","og_url":"https:\/\/keepdabeat.com\/es\/terms-conditions\/","og_site_name":"keepdabeat.com","article_publisher":"https:\/\/www.facebook.com\/keepdabeatup","article_modified_time":"2024-01-29T17:37:53+00:00","og_image":[{"width":1080,"height":620,"url":"https:\/\/keepdabeat.com\/wp-content\/uploads\/2024\/08\/seo-main.png","type":"image\/png"}],"twitter_card":"summary_large_image","schema":{"@context":"https:\/\/schema.org","@graph":[{"@type":"WebPage","@id":"https:\/\/keepdabeat.com\/terms-conditions\/","url":"https:\/\/keepdabeat.com\/terms-conditions\/","name":"Terms & Conditions - keepdabeat.com","isPartOf":{"@id":"https:\/\/keepdabeat.com\/#website"},"datePublished":"2024-01-27T17:58:09+00:00","dateModified":"2024-01-29T17:37:53+00:00","breadcrumb":{"@id":"https:\/\/keepdabeat.com\/terms-conditions\/#breadcrumb"},"inLanguage":"es","potentialAction":[{"@type":"ReadAction","target":["https:\/\/keepdabeat.com\/terms-conditions\/"]}]},{"@type":"BreadcrumbList","@id":"https:\/\/keepdabeat.com\/terms-conditions\/#breadcrumb","itemListElement":[{"@type":"ListItem","position":1,"name":"Home","item":"https:\/\/keepdabeat.com\/"},{"@type":"ListItem","position":2,"name":"Terms &#038; Conditions"}]},{"@type":"WebSite","@id":"https:\/\/keepdabeat.com\/#website","url":"https:\/\/keepdabeat.com\/","name":"keepdabeat.com","description":"","publisher":{"@id":"https:\/\/keepdabeat.com\/#organization"},"potentialAction":[{"@type":"SearchAction","target":{"@type":"EntryPoint","urlTemplate":"https:\/\/keepdabeat.com\/?s={search_term_string}"},"query-input":{"@type":"PropertyValueSpecification","valueRequired":true,"valueName":"search_term_string"}}],"inLanguage":"es"},{"@type":"Organization","@id":"https:\/\/keepdabeat.com\/#organization","name":"keepdabeat.com","url":"https:\/\/keepdabeat.com\/","logo":{"@type":"ImageObject","inLanguage":"es","@id":"https:\/\/keepdabeat.com\/#\/schema\/logo\/image\/","url":"https:\/\/keepdabeat.com\/wp-content\/uploads\/2024\/02\/sello-invertido-1.png","contentUrl":"https:\/\/keepdabeat.com\/wp-content\/uploads\/2024\/02\/sello-invertido-1.png","width":2867,"height":2930,"caption":"keepdabeat.com"},"image":{"@id":"https:\/\/keepdabeat.com\/#\/schema\/logo\/image\/"},"sameAs":["https:\/\/www.facebook.com\/keepdabeatup"]}]}},"_links":{"self":[{"href":"https:\/\/keepdabeat.com\/es\/wp-json\/wp\/v2\/pages\/1505","targetHints":{"allow":["GET"]}}],"collection":[{"href":"https:\/\/keepdabeat.com\/es\/wp-json\/wp\/v2\/pages"}],"about":[{"href":"https:\/\/keepdabeat.com\/es\/wp-json\/wp\/v2\/types\/page"}],"author":[{"embeddable":true,"href":"https:\/\/keepdabeat.com\/es\/wp-json\/wp\/v2\/users\/1"}],"replies":[{"embeddable":true,"href":"https:\/\/keepdabeat.com\/es\/wp-json\/wp\/v2\/comments?post=1505"}],"version-history":[{"count":7,"href":"https:\/\/keepdabeat.com\/es\/wp-json\/wp\/v2\/pages\/1505\/revisions"}],"predecessor-version":[{"id":1512,"href":"https:\/\/keepdabeat.com\/es\/wp-json\/wp\/v2\/pages\/1505\/revisions\/1512"}],"wp:attachment":[{"href":"https:\/\/keepdabeat.com\/es\/wp-json\/wp\/v2\/media?parent=1505"}],"curies":[{"name":"wp","href":"https:\/\/api.w.org\/{rel}","templated":true}]}}