{"id":5,"date":"2019-11-13T06:04:21","date_gmt":"2019-11-13T06:04:21","guid":{"rendered":"http:\/\/vex.test\/?page_id=5"},"modified":"2024-04-30T20:32:59","modified_gmt":"2024-04-30T19:32:59","slug":"about","status":"publish","type":"page","link":"https:\/\/keepdabeat.com\/es\/about\/","title":{"rendered":"Sobre nosotros"},"content":{"rendered":"<div data-elementor-type=\"wp-page\" data-elementor-id=\"5\" class=\"elementor elementor-5\">\n\t\t\t\t\t\t<section class=\"elementor-section elementor-top-section elementor-element elementor-element-6cc422ad elementor-section-boxed elementor-section-height-default elementor-section-height-default\" data-id=\"6cc422ad\" data-element_type=\"section\" data-e-type=\"section\">\n\t\t\t\t\t\t<div class=\"elementor-container elementor-column-gap-default\">\n\t\t\t\t\t<div class=\"elementor-column elementor-col-100 elementor-top-column elementor-element elementor-element-63b5dc7b\" data-id=\"63b5dc7b\" data-element_type=\"column\" data-e-type=\"column\">\n\t\t\t<div class=\"elementor-widget-wrap elementor-element-populated\">\n\t\t\t\t\t\t<div class=\"elementor-element elementor-element-1251a309 animated-fast elementor-invisible elementor-widget elementor-widget-heading\" data-id=\"1251a309\" data-element_type=\"widget\" data-e-type=\"widget\" data-settings=\"{&quot;_animation&quot;:&quot;fadeInUp&quot;,&quot;_animation_delay&quot;:2000}\" data-widget_type=\"heading.default\">\n\t\t\t\t<div class=\"elementor-widget-container\">\n\t\t\t\t\t<h1 class=\"elementor-heading-title elementor-size-xxl\">Keep Da Beat<\/h1>\t\t\t\t<\/div>\n\t\t\t\t<\/div>\n\t\t\t\t<div class=\"elementor-element elementor-element-1ca656e8 animated-fast elementor-invisible elementor-widget elementor-widget-text-editor\" data-id=\"1ca656e8\" data-element_type=\"widget\" data-e-type=\"widget\" data-settings=\"{&quot;_animation&quot;:&quot;fadeInUp&quot;,&quot;_animation_delay&quot;:2100}\" data-widget_type=\"text-editor.default\">\n\t\t\t\t<div class=\"elementor-widget-container\">\n\t\t\t\t\t\t\t\t\t<p>Bienvenido a la vibra...<\/p>\n<p>Keep Da Beat (KDB) es pura energ\u00eda en oscilaci\u00f3n, un movimiento natural y org\u00e1nico donde cada persona se conecta a trav\u00e9s de su propio pulso, creatividad y expresi\u00f3n. Es la esencia de una nueva forma de interactuar y desarrollar nuestra propia existencia.<\/p>\n<p>En KDB creemos firmemente que la m\u00fasica, la danza y cualquier manifestaci\u00f3n creativa generan un impacto directo y profundo en el ser humano. La creatividad es un canal que expone nuestras dimensiones emocionales, mentales y espirituales desde m\u00faltiples perspectivas, despertando curiosidades, cuestionamientos y un infinito potencial de crecimiento.<\/p>\n<p>KDB nace para ser la plataforma que permita a ese potencial expresarse libremente.<\/p>\n<p>Ser\u00e1 un proceso que tomar\u00e1 tiempo. Se llevar\u00e1 a cabo paso a paso, por a poc. Requerir\u00e1 tiempo, esfuerzo y, sobre todo, te necesitar\u00e1 a ti. Porque no hay nada m\u00e1s poderoso que una idea cuyo momento ha llegado.<\/p>\n<p>Bienvenido a la vibra. Y si resuena contigo\u2026 \u00a1comp\u00e1rtela!<\/p>\t\t\t\t\t\t\t\t<\/div>\n\t\t\t\t<\/div>\n\t\t\t\t<div class=\"elementor-element elementor-element-ec5cc3d animated-fast elementor-invisible elementor-widget elementor-widget-text-editor\" data-id=\"ec5cc3d\" data-element_type=\"widget\" data-e-type=\"widget\" data-settings=\"{&quot;_animation&quot;:&quot;fadeInUp&quot;,&quot;_animation_delay&quot;:1500}\" data-widget_type=\"text-editor.default\">\n\t\t\t\t<div class=\"elementor-widget-container\">\n\t\t\t\t\t\t\t\t\t<p>Aqu\u00ed, ahora, siempre...<\/p>\t\t\t\t\t\t\t\t<\/div>\n\t\t\t\t<\/div>\n\t\t\t\t<div class=\"elementor-element elementor-element-9d4ce98 animated-fast elementor-invisible elementor-widget elementor-widget-text-editor\" data-id=\"9d4ce98\" data-element_type=\"widget\" data-e-type=\"widget\" data-settings=\"{&quot;_animation&quot;:&quot;fadeInUp&quot;,&quot;_animation_delay&quot;:1500}\" data-widget_type=\"text-editor.default\">\n\t\t\t\t<div class=\"elementor-widget-container\">\n\t\t\t\t\t\t\t\t\t<p style=\"text-align: center;\">...conectando Flows<\/p>\t\t\t\t\t\t\t\t<\/div>\n\t\t\t\t<\/div>\n\t\t\t\t<div class=\"elementor-element elementor-element-d142cc0 animated-fast elementor-invisible elementor-widget elementor-widget-text-editor\" data-id=\"d142cc0\" data-element_type=\"widget\" data-e-type=\"widget\" data-settings=\"{&quot;_animation&quot;:&quot;fadeInUp&quot;,&quot;_animation_delay&quot;:1500}\" data-widget_type=\"text-editor.default\">\n\t\t\t\t<div class=\"elementor-widget-container\">\n\t\t\t\t\t\t\t\t\t<p style=\"text-align: right;\">KDB<\/p>\t\t\t\t\t\t\t\t<\/div>\n\t\t\t\t<\/div>\n\t\t\t\t\t<\/div>\n\t\t<\/div>\n\t\t\t\t\t<\/div>\n\t\t<\/section>\n\t\t\t\t<\/div>","protected":false},"excerpt":{"rendered":"<p>Keep Da Beat Welcome to the vibe \u2026 Keep Da Beat (KDB) is &nbsp;just an organic oscillation of energy, which defines a natural movement where everybody is connected through their own pulse , creativity and expression, true foundations of a different way to interact and develop the own human existence. KDB truly believes that music, [&hellip;]<\/p>\n","protected":false},"author":1,"featured_media":0,"parent":0,"menu_order":0,"comment_status":"closed","ping_status":"closed","template":"","meta":{"footnotes":""},"class_list":["post-5","page","type-page","status-publish","hentry"],"yoast_head":"<!-- This site is optimized with the Yoast SEO plugin v27.0 - https:\/\/yoast.com\/product\/yoast-seo-wordpress\/ -->\n<title>About us - keepdabeat.com<\/title>\n<meta name=\"robots\" content=\"index, follow, max-snippet:-1, max-image-preview:large, max-video-preview:-1\" \/>\n<link rel=\"canonical\" href=\"https:\/\/keepdabeat.com\/es\/about\/\" \/>\n<meta property=\"og:locale\" content=\"es_ES\" \/>\n<meta property=\"og:type\" content=\"article\" \/>\n<meta property=\"og:title\" content=\"About us - keepdabeat.com\" \/>\n<meta property=\"og:description\" content=\"Keep Da Beat Welcome to the vibe \u2026 Keep Da Beat (KDB) is &nbsp;just an organic oscillation of energy, which defines a natural movement where everybody is connected through their own pulse , creativity and expression, true foundations of a different way to interact and develop the own human existence. KDB truly believes that music, [&hellip;]\" \/>\n<meta property=\"og:url\" content=\"https:\/\/keepdabeat.com\/es\/about\/\" \/>\n<meta property=\"og:site_name\" content=\"keepdabeat.com\" \/>\n<meta property=\"article:publisher\" content=\"https:\/\/www.facebook.com\/keepdabeatup\" \/>\n<meta property=\"article:modified_time\" content=\"2024-04-30T19:32:59+00:00\" \/>\n<meta property=\"og:image\" content=\"https:\/\/keepdabeat.com\/wp-content\/uploads\/2024\/08\/seo-main.png\" \/>\n\t<meta property=\"og:image:width\" content=\"1080\" \/>\n\t<meta property=\"og:image:height\" content=\"620\" \/>\n\t<meta property=\"og:image:type\" content=\"image\/png\" \/>\n<meta name=\"twitter:card\" content=\"summary_large_image\" \/>\n<meta name=\"twitter:label1\" content=\"Tiempo de lectura\" \/>\n\t<meta name=\"twitter:data1\" content=\"1 minuto\" \/>\n<script type=\"application\/ld+json\" class=\"yoast-schema-graph\">{\"@context\":\"https:\/\/schema.org\",\"@graph\":[{\"@type\":\"WebPage\",\"@id\":\"https:\/\/keepdabeat.com\/about\/\",\"url\":\"https:\/\/keepdabeat.com\/about\/\",\"name\":\"About us - keepdabeat.com\",\"isPartOf\":{\"@id\":\"https:\/\/keepdabeat.com\/#website\"},\"datePublished\":\"2019-11-13T06:04:21+00:00\",\"dateModified\":\"2024-04-30T19:32:59+00:00\",\"breadcrumb\":{\"@id\":\"https:\/\/keepdabeat.com\/about\/#breadcrumb\"},\"inLanguage\":\"es\",\"potentialAction\":[{\"@type\":\"ReadAction\",\"target\":[\"https:\/\/keepdabeat.com\/about\/\"]}]},{\"@type\":\"BreadcrumbList\",\"@id\":\"https:\/\/keepdabeat.com\/about\/#breadcrumb\",\"itemListElement\":[{\"@type\":\"ListItem\",\"position\":1,\"name\":\"Home\",\"item\":\"https:\/\/keepdabeat.com\/\"},{\"@type\":\"ListItem\",\"position\":2,\"name\":\"About us\"}]},{\"@type\":\"WebSite\",\"@id\":\"https:\/\/keepdabeat.com\/#website\",\"url\":\"https:\/\/keepdabeat.com\/\",\"name\":\"keepdabeat.com\",\"description\":\"\",\"publisher\":{\"@id\":\"https:\/\/keepdabeat.com\/#organization\"},\"potentialAction\":[{\"@type\":\"SearchAction\",\"target\":{\"@type\":\"EntryPoint\",\"urlTemplate\":\"https:\/\/keepdabeat.com\/?s={search_term_string}\"},\"query-input\":{\"@type\":\"PropertyValueSpecification\",\"valueRequired\":true,\"valueName\":\"search_term_string\"}}],\"inLanguage\":\"es\"},{\"@type\":\"Organization\",\"@id\":\"https:\/\/keepdabeat.com\/#organization\",\"name\":\"keepdabeat.com\",\"url\":\"https:\/\/keepdabeat.com\/\",\"logo\":{\"@type\":\"ImageObject\",\"inLanguage\":\"es\",\"@id\":\"https:\/\/keepdabeat.com\/#\/schema\/logo\/image\/\",\"url\":\"https:\/\/keepdabeat.com\/wp-content\/uploads\/2024\/02\/sello-invertido-1.png\",\"contentUrl\":\"https:\/\/keepdabeat.com\/wp-content\/uploads\/2024\/02\/sello-invertido-1.png\",\"width\":2867,\"height\":2930,\"caption\":\"keepdabeat.com\"},\"image\":{\"@id\":\"https:\/\/keepdabeat.com\/#\/schema\/logo\/image\/\"},\"sameAs\":[\"https:\/\/www.facebook.com\/keepdabeatup\"]}]}<\/script>\n<!-- \/ Yoast SEO plugin. -->","yoast_head_json":{"title":"About us - keepdabeat.com","robots":{"index":"index","follow":"follow","max-snippet":"max-snippet:-1","max-image-preview":"max-image-preview:large","max-video-preview":"max-video-preview:-1"},"canonical":"https:\/\/keepdabeat.com\/es\/about\/","og_locale":"es_ES","og_type":"article","og_title":"About us - keepdabeat.com","og_description":"Keep Da Beat Welcome to the vibe \u2026 Keep Da Beat (KDB) is &nbsp;just an organic oscillation of energy, which defines a natural movement where everybody is connected through their own pulse , creativity and expression, true foundations of a different way to interact and develop the own human existence. KDB truly believes that music, [&hellip;]","og_url":"https:\/\/keepdabeat.com\/es\/about\/","og_site_name":"keepdabeat.com","article_publisher":"https:\/\/www.facebook.com\/keepdabeatup","article_modified_time":"2024-04-30T19:32:59+00:00","og_image":[{"width":1080,"height":620,"url":"https:\/\/keepdabeat.com\/wp-content\/uploads\/2024\/08\/seo-main.png","type":"image\/png"}],"twitter_card":"summary_large_image","twitter_misc":{"Tiempo de lectura":"1 minuto"},"schema":{"@context":"https:\/\/schema.org","@graph":[{"@type":"WebPage","@id":"https:\/\/keepdabeat.com\/about\/","url":"https:\/\/keepdabeat.com\/about\/","name":"About us - keepdabeat.com","isPartOf":{"@id":"https:\/\/keepdabeat.com\/#website"},"datePublished":"2019-11-13T06:04:21+00:00","dateModified":"2024-04-30T19:32:59+00:00","breadcrumb":{"@id":"https:\/\/keepdabeat.com\/about\/#breadcrumb"},"inLanguage":"es","potentialAction":[{"@type":"ReadAction","target":["https:\/\/keepdabeat.com\/about\/"]}]},{"@type":"BreadcrumbList","@id":"https:\/\/keepdabeat.com\/about\/#breadcrumb","itemListElement":[{"@type":"ListItem","position":1,"name":"Home","item":"https:\/\/keepdabeat.com\/"},{"@type":"ListItem","position":2,"name":"About us"}]},{"@type":"WebSite","@id":"https:\/\/keepdabeat.com\/#website","url":"https:\/\/keepdabeat.com\/","name":"keepdabeat.com","description":"","publisher":{"@id":"https:\/\/keepdabeat.com\/#organization"},"potentialAction":[{"@type":"SearchAction","target":{"@type":"EntryPoint","urlTemplate":"https:\/\/keepdabeat.com\/?s={search_term_string}"},"query-input":{"@type":"PropertyValueSpecification","valueRequired":true,"valueName":"search_term_string"}}],"inLanguage":"es"},{"@type":"Organization","@id":"https:\/\/keepdabeat.com\/#organization","name":"keepdabeat.com","url":"https:\/\/keepdabeat.com\/","logo":{"@type":"ImageObject","inLanguage":"es","@id":"https:\/\/keepdabeat.com\/#\/schema\/logo\/image\/","url":"https:\/\/keepdabeat.com\/wp-content\/uploads\/2024\/02\/sello-invertido-1.png","contentUrl":"https:\/\/keepdabeat.com\/wp-content\/uploads\/2024\/02\/sello-invertido-1.png","width":2867,"height":2930,"caption":"keepdabeat.com"},"image":{"@id":"https:\/\/keepdabeat.com\/#\/schema\/logo\/image\/"},"sameAs":["https:\/\/www.facebook.com\/keepdabeatup"]}]}},"_links":{"self":[{"href":"https:\/\/keepdabeat.com\/es\/wp-json\/wp\/v2\/pages\/5","targetHints":{"allow":["GET"]}}],"collection":[{"href":"https:\/\/keepdabeat.com\/es\/wp-json\/wp\/v2\/pages"}],"about":[{"href":"https:\/\/keepdabeat.com\/es\/wp-json\/wp\/v2\/types\/page"}],"author":[{"embeddable":true,"href":"https:\/\/keepdabeat.com\/es\/wp-json\/wp\/v2\/users\/1"}],"replies":[{"embeddable":true,"href":"https:\/\/keepdabeat.com\/es\/wp-json\/wp\/v2\/comments?post=5"}],"version-history":[{"count":133,"href":"https:\/\/keepdabeat.com\/es\/wp-json\/wp\/v2\/pages\/5\/revisions"}],"predecessor-version":[{"id":1892,"href":"https:\/\/keepdabeat.com\/es\/wp-json\/wp\/v2\/pages\/5\/revisions\/1892"}],"wp:attachment":[{"href":"https:\/\/keepdabeat.com\/es\/wp-json\/wp\/v2\/media?parent=5"}],"curies":[{"name":"wp","href":"https:\/\/api.w.org\/{rel}","templated":true}]}}